{"id":602,"date":"2019-12-05T17:09:56","date_gmt":"2019-12-05T17:09:56","guid":{"rendered":"https:\/\/cycleenvironment.com\/services-conseils-en-gmr-copy\/"},"modified":"2021-05-25T15:20:35","modified_gmt":"2021-05-25T15:20:35","slug":"etudes-de-cas","status":"publish","type":"page","link":"https:\/\/cycleenvironnement.com\/en\/etudes-de-cas\/","title":{"rendered":"Case studies"},"content":{"rendered":"<div data-elementor-type=\"wp-page\" data-elementor-id=\"602\" class=\"elementor elementor-602\">\n\t\t\t\t\t\t\t\t\t<section class=\"elementor-section elementor-top-section elementor-element elementor-element-2bf787b2 elementor-section-height-min-height elementor-section-stretched elementor-section-boxed elementor-section-height-default elementor-section-items-middle\" data-id=\"2bf787b2\" data-element_type=\"section\" data-settings=\"{&quot;background_background&quot;:&quot;classic&quot;,&quot;stretch_section&quot;:&quot;section-stretched&quot;}\">\n\t\t\t\t\t\t<div class=\"elementor-container elementor-column-gap-default\">\n\t\t\t\t\t<div class=\"elementor-column elementor-col-100 elementor-top-column elementor-element elementor-element-57ce13bd\" data-id=\"57ce13bd\" data-element_type=\"column\">\n\t\t\t<div class=\"elementor-widget-wrap elementor-element-populated\">\n\t\t\t\t\t\t\t\t<div class=\"elementor-element elementor-element-37b9a2b elementor-widget elementor-widget-heading\" data-id=\"37b9a2b\" data-element_type=\"widget\" data-widget_type=\"heading.default\">\n\t\t\t\t<div class=\"elementor-widget-container\">\n\t\t\t<h1 class=\"elementor-heading-title elementor-size-default\">Case studies<\/h1>\t\t<\/div>\n\t\t\t\t<\/div>\n\t\t\t\t\t<\/div>\n\t\t<\/div>\n\t\t\t\t\t\t\t<\/div>\n\t\t<\/section>\n\t\t\t\t<section class=\"elementor-section elementor-top-section elementor-element elementor-element-49266cdd elementor-section-stretched elementor-section-boxed elementor-section-height-default elementor-section-height-default\" data-id=\"49266cdd\" data-element_type=\"section\" data-settings=\"{&quot;stretch_section&quot;:&quot;section-stretched&quot;}\">\n\t\t\t\t\t\t<div class=\"elementor-container elementor-column-gap-default\">\n\t\t\t\t\t<div class=\"elementor-column elementor-col-100 elementor-top-column elementor-element elementor-element-32c9247a\" data-id=\"32c9247a\" data-element_type=\"column\">\n\t\t\t<div class=\"elementor-widget-wrap elementor-element-populated\">\n\t\t\t\t\t\t\t\t<section class=\"elementor-section elementor-inner-section elementor-element elementor-element-46a6d375 elementor-section-boxed elementor-section-height-default elementor-section-height-default\" data-id=\"46a6d375\" data-element_type=\"section\">\n\t\t\t\t\t\t<div class=\"elementor-container elementor-column-gap-default\">\n\t\t\t\t\t<div class=\"elementor-column elementor-col-50 elementor-inner-column elementor-element elementor-element-56bcfbd0\" data-id=\"56bcfbd0\" data-element_type=\"column\">\n\t\t\t<div class=\"elementor-widget-wrap elementor-element-populated\">\n\t\t\t\t\t\t\t\t<div class=\"elementor-element elementor-element-13ab3dcf elementor-widget elementor-widget-image\" data-id=\"13ab3dcf\" data-element_type=\"widget\" data-widget_type=\"image.default\">\n\t\t\t\t<div class=\"elementor-widget-container\">\n\t\t\t\t\t\t\t\t\t\t\t\t\t\t\t\t<a href=\"https:\/\/cycleenvironnement.com\/en\/un_processus_complexe_simplifie\/\">\n\t\t\t\t\t\t\t<img decoding=\"async\" src=\"https:\/\/cycleenvironnement.com\/wp-content\/uploads\/elementor\/thumbs\/case_study2-p7d3gp7hiwe8in1os3da8zndnwju8xjksl6b6g9h7g.jpg\" title=\"case_study2\" alt=\"case_study2\" loading=\"lazy\" \/>\t\t\t\t\t\t\t\t<\/a>\n\t\t\t\t\t\t\t\t\t\t\t\t\t\t\t<\/div>\n\t\t\t\t<\/div>\n\t\t\t\t\t<\/div>\n\t\t<\/div>\n\t\t\t\t<div class=\"elementor-column elementor-col-50 elementor-inner-column elementor-element elementor-element-2baf8306\" data-id=\"2baf8306\" data-element_type=\"column\">\n\t\t\t<div class=\"elementor-widget-wrap elementor-element-populated\">\n\t\t\t\t\t\t\t\t<div class=\"elementor-element elementor-element-97c8fed elementor-widget elementor-widget-heading\" data-id=\"97c8fed\" data-element_type=\"widget\" data-widget_type=\"heading.default\">\n\t\t\t\t<div class=\"elementor-widget-container\">\n\t\t\t<h2 class=\"elementor-heading-title elementor-size-default\">40,000 SKUs, 300 suppliers<\/h2>\t\t<\/div>\n\t\t\t\t<\/div>\n\t\t\t\t<div class=\"elementor-element elementor-element-fd79daa elementor-widget elementor-widget-heading\" data-id=\"fd79daa\" data-element_type=\"widget\" data-widget_type=\"heading.default\">\n\t\t\t\t<div class=\"elementor-widget-container\">\n\t\t\t<h3 class=\"elementor-heading-title elementor-size-default\"><a href=\"https:\/\/cycleenvironnement.com\/en\/un_processus_complexe_simplifie\/\">A complicated process simplified!<\/a><\/h3>\t\t<\/div>\n\t\t\t\t<\/div>\n\t\t\t\t\t<\/div>\n\t\t<\/div>\n\t\t\t\t\t\t\t<\/div>\n\t\t<\/section>\n\t\t\t\t\t<\/div>\n\t\t<\/div>\n\t\t\t\t\t\t\t<\/div>\n\t\t<\/section>\n\t\t\t\t<section class=\"elementor-section elementor-top-section elementor-element elementor-element-fa0e8a9 elementor-section-stretched elementor-section-boxed elementor-section-height-default elementor-section-height-default\" data-id=\"fa0e8a9\" data-element_type=\"section\" data-settings=\"{&quot;stretch_section&quot;:&quot;section-stretched&quot;,&quot;background_background&quot;:&quot;classic&quot;}\">\n\t\t\t\t\t\t<div class=\"elementor-container elementor-column-gap-default\">\n\t\t\t\t\t<div class=\"elementor-column elementor-col-100 elementor-top-column elementor-element elementor-element-dc6355b\" data-id=\"dc6355b\" data-element_type=\"column\">\n\t\t\t<div class=\"elementor-widget-wrap elementor-element-populated\">\n\t\t\t\t\t\t\t\t<section class=\"elementor-section elementor-inner-section elementor-element elementor-element-0d22145 elementor-section-boxed elementor-section-height-default elementor-section-height-default\" data-id=\"0d22145\" data-element_type=\"section\">\n\t\t\t\t\t\t<div class=\"elementor-container elementor-column-gap-default\">\n\t\t\t\t\t<div class=\"elementor-column elementor-col-50 elementor-inner-column elementor-element elementor-element-43af332\" data-id=\"43af332\" data-element_type=\"column\">\n\t\t\t<div class=\"elementor-widget-wrap elementor-element-populated\">\n\t\t\t\t\t\t\t\t<div class=\"elementor-element elementor-element-c58aed1 elementor-widget elementor-widget-image\" data-id=\"c58aed1\" data-element_type=\"widget\" data-widget_type=\"image.default\">\n\t\t\t\t<div class=\"elementor-widget-container\">\n\t\t\t\t\t\t\t\t\t\t\t\t\t\t\t<img decoding=\"async\" src=\"https:\/\/cycleenvironnement.com\/wp-content\/uploads\/elementor\/thumbs\/money-256312_1920-1024x683-ohqcs4gmhizqk4opp3ct8rp4s29hatb6kw34amgajg.jpg\" title=\"money-256312_1920-1024&#215;683\" alt=\"money-256312_1920-1024x683\" loading=\"lazy\" \/>\t\t\t\t\t\t\t\t\t\t\t\t\t\t\t<\/div>\n\t\t\t\t<\/div>\n\t\t\t\t\t<\/div>\n\t\t<\/div>\n\t\t\t\t<div class=\"elementor-column elementor-col-50 elementor-inner-column elementor-element elementor-element-7eea33f\" data-id=\"7eea33f\" data-element_type=\"column\">\n\t\t\t<div class=\"elementor-widget-wrap elementor-element-populated\">\n\t\t\t\t\t\t\t\t<div class=\"elementor-element elementor-element-c45ad4f elementor-widget elementor-widget-heading\" data-id=\"c45ad4f\" data-element_type=\"widget\" data-widget_type=\"heading.default\">\n\t\t\t\t<div class=\"elementor-widget-container\">\n\t\t\t<h3 class=\"elementor-heading-title elementor-size-default\"><a href=\"https:\/\/cycleenvironnement.com\/en\/complexite-des-declarations\/\">Complicated reporting process for a food retailer<\/a><\/h3>\t\t<\/div>\n\t\t\t\t<\/div>\n\t\t\t\t\t<\/div>\n\t\t<\/div>\n\t\t\t\t\t\t\t<\/div>\n\t\t<\/section>\n\t\t\t\t\t<\/div>\n\t\t<\/div>\n\t\t\t\t\t\t\t<\/div>\n\t\t<\/section>\n\t\t\t\t<section class=\"elementor-section elementor-top-section elementor-element elementor-element-16ec008 elementor-section-stretched elementor-section-boxed elementor-section-height-default elementor-section-height-default\" data-id=\"16ec008\" data-element_type=\"section\" data-settings=\"{&quot;stretch_section&quot;:&quot;section-stretched&quot;}\">\n\t\t\t\t\t\t<div class=\"elementor-container elementor-column-gap-default\">\n\t\t\t\t\t<div class=\"elementor-column elementor-col-100 elementor-top-column elementor-element elementor-element-d7afc67\" data-id=\"d7afc67\" data-element_type=\"column\">\n\t\t\t<div class=\"elementor-widget-wrap elementor-element-populated\">\n\t\t\t\t\t\t\t\t<section class=\"elementor-section elementor-inner-section elementor-element elementor-element-4cb26b1 elementor-section-boxed elementor-section-height-default elementor-section-height-default\" data-id=\"4cb26b1\" data-element_type=\"section\">\n\t\t\t\t\t\t<div class=\"elementor-container elementor-column-gap-default\">\n\t\t\t\t\t<div class=\"elementor-column elementor-col-50 elementor-inner-column elementor-element elementor-element-174a731\" data-id=\"174a731\" data-element_type=\"column\">\n\t\t\t<div class=\"elementor-widget-wrap elementor-element-populated\">\n\t\t\t\t\t\t\t\t<div class=\"elementor-element elementor-element-8b46dba elementor-widget elementor-widget-image\" data-id=\"8b46dba\" data-element_type=\"widget\" data-widget_type=\"image.default\">\n\t\t\t\t<div class=\"elementor-widget-container\">\n\t\t\t\t\t\t\t\t\t\t\t\t\t\t\t<img decoding=\"async\" src=\"https:\/\/cycleenvironnement.com\/wp-content\/uploads\/elementor\/thumbs\/case_study3-p7d3zagkoxue501k84nnkarkm8x6hfcgolo0vgp658.png\" title=\"case_study3\" alt=\"case_study3\" loading=\"lazy\" \/>\t\t\t\t\t\t\t\t\t\t\t\t\t\t\t<\/div>\n\t\t\t\t<\/div>\n\t\t\t\t\t<\/div>\n\t\t<\/div>\n\t\t\t\t<div class=\"elementor-column elementor-col-50 elementor-inner-column elementor-element elementor-element-19b2a70\" data-id=\"19b2a70\" data-element_type=\"column\">\n\t\t\t<div class=\"elementor-widget-wrap elementor-element-populated\">\n\t\t\t\t\t\t\t\t<div class=\"elementor-element elementor-element-e565c78 elementor-widget elementor-widget-heading\" data-id=\"e565c78\" data-element_type=\"widget\" data-widget_type=\"heading.default\">\n\t\t\t\t<div class=\"elementor-widget-container\">\n\t\t\t<h2 class=\"elementor-heading-title elementor-size-default\">Baffling discrepancies<\/h2>\t\t<\/div>\n\t\t\t\t<\/div>\n\t\t\t\t<div class=\"elementor-element elementor-element-21613b6 elementor-widget elementor-widget-heading\" data-id=\"21613b6\" data-element_type=\"widget\" data-widget_type=\"heading.default\">\n\t\t\t\t<div class=\"elementor-widget-container\">\n\t\t\t<h3 class=\"elementor-heading-title elementor-size-default\"><a href=\"https:\/\/cycleenvironnement.com\/en\/une_expertise_payante\/\">Expertise that pays!\n<\/a><\/h3>\t\t<\/div>\n\t\t\t\t<\/div>\n\t\t\t\t\t<\/div>\n\t\t<\/div>\n\t\t\t\t\t\t\t<\/div>\n\t\t<\/section>\n\t\t\t\t<div class=\"elementor-element elementor-element-646b113 elementor-widget elementor-widget-spacer\" data-id=\"646b113\" data-element_type=\"widget\" data-widget_type=\"spacer.default\">\n\t\t\t\t<div class=\"elementor-widget-container\">\n\t\t\t\t\t<div class=\"elementor-spacer\">\n\t\t\t<div class=\"elementor-spacer-inner\"><\/div>\n\t\t<\/div>\n\t\t\t\t<\/div>\n\t\t\t\t<\/div>\n\t\t\t\t\t<\/div>\n\t\t<\/div>\n\t\t\t\t\t\t\t<\/div>\n\t\t<\/section>\n\t\t\t\t\t\t\t<\/div>","protected":false},"excerpt":{"rendered":"<p>\u00c9tudes de cas 40 000 produits, 300 fournisseurs Un processus complexe simplifi\u00e9 ! La complexit\u00e9 des d\u00e9clarations pour un d\u00e9taillant en alimentation Variances inexpliqu\u00e9es Une expertise payante !<\/p>","protected":false},"author":1,"featured_media":0,"parent":0,"menu_order":0,"comment_status":"closed","ping_status":"closed","template":"","meta":{"_mi_skip_tracking":false,"_monsterinsights_sitenote_active":false,"_monsterinsights_sitenote_note":"","_monsterinsights_sitenote_category":0,"footnotes":""},"yoast_head":"<!-- This site is optimized with the Yoast SEO plugin v21.1 - https:\/\/yoast.com\/wordpress\/plugins\/seo\/ -->\n<title>\u00c9tudes de cas - Cycle environnement<\/title>\n<meta name=\"robots\" content=\"index, follow, max-snippet:-1, max-image-preview:large, max-video-preview:-1\" \/>\n<link rel=\"canonical\" href=\"https:\/\/cycleenvironnement.com\/en\/etudes-de-cas\/\" \/>\n<meta property=\"og:locale\" content=\"en_US\" \/>\n<meta property=\"og:type\" content=\"article\" \/>\n<meta property=\"og:title\" content=\"\u00c9tudes de cas - Cycle environnement\" \/>\n<meta property=\"og:description\" content=\"\u00c9tudes de cas 40 000 produits, 300 fournisseurs Un processus complexe simplifi\u00e9 ! La complexit\u00e9 des d\u00e9clarations pour un d\u00e9taillant en alimentation Variances inexpliqu\u00e9es Une expertise payante !\" \/>\n<meta property=\"og:url\" content=\"https:\/\/cycleenvironnement.com\/en\/etudes-de-cas\/\" \/>\n<meta property=\"og:site_name\" content=\"Cycle environnement\" \/>\n<meta property=\"article:publisher\" content=\"https:\/\/www.facebook.com\/cycleenvironnement\" \/>\n<meta property=\"article:modified_time\" content=\"2021-05-25T15:20:35+00:00\" \/>\n<meta property=\"og:image\" content=\"https:\/\/cycleenvironnement.com\/wp-content\/uploads\/elementor\/thumbs\/case_study2-p7d3gp7hiwe8in1os3da8zndnwju8xjksl6b6g9h7g.jpg\" \/>\n<meta name=\"twitter:card\" content=\"summary_large_image\" \/>\n<meta name=\"twitter:site\" content=\"@Cycleenvironne1\" \/>\n<meta name=\"twitter:label1\" content=\"Est. reading time\" \/>\n\t<meta name=\"twitter:data1\" content=\"1 minute\" \/>\n<script type=\"application\/ld+json\" class=\"yoast-schema-graph\">{\"@context\":\"https:\/\/schema.org\",\"@graph\":[{\"@type\":\"WebPage\",\"@id\":\"https:\/\/cycleenvironnement.com\/etudes-de-cas\/\",\"url\":\"https:\/\/cycleenvironnement.com\/etudes-de-cas\/\",\"name\":\"\u00c9tudes de cas - Cycle environnement\",\"isPartOf\":{\"@id\":\"https:\/\/cycleenvironnement.com\/#website\"},\"datePublished\":\"2019-12-05T17:09:56+00:00\",\"dateModified\":\"2021-05-25T15:20:35+00:00\",\"breadcrumb\":{\"@id\":\"https:\/\/cycleenvironnement.com\/etudes-de-cas\/#breadcrumb\"},\"inLanguage\":\"en-US\",\"potentialAction\":[{\"@type\":\"ReadAction\",\"target\":[\"https:\/\/cycleenvironnement.com\/etudes-de-cas\/\"]}]},{\"@type\":\"BreadcrumbList\",\"@id\":\"https:\/\/cycleenvironnement.com\/etudes-de-cas\/#breadcrumb\",\"itemListElement\":[{\"@type\":\"ListItem\",\"position\":1,\"name\":\"Home\",\"item\":\"https:\/\/cycleenvironnement.com\/\"},{\"@type\":\"ListItem\",\"position\":2,\"name\":\"\u00c9tudes de cas\"}]},{\"@type\":\"WebSite\",\"@id\":\"https:\/\/cycleenvironnement.com\/#website\",\"url\":\"https:\/\/cycleenvironnement.com\/\",\"name\":\"Cycle environnement\",\"description\":\"\u00c9cofiscalistes - Gestion des \u00e9cofrais\",\"publisher\":{\"@id\":\"https:\/\/cycleenvironnement.com\/#organization\"},\"potentialAction\":[{\"@type\":\"SearchAction\",\"target\":{\"@type\":\"EntryPoint\",\"urlTemplate\":\"https:\/\/cycleenvironnement.com\/?s={search_term_string}\"},\"query-input\":\"required name=search_term_string\"}],\"inLanguage\":\"en-US\"},{\"@type\":\"Organization\",\"@id\":\"https:\/\/cycleenvironnement.com\/#organization\",\"name\":\"Cycle environnement\",\"url\":\"https:\/\/cycleenvironnement.com\/\",\"logo\":{\"@type\":\"ImageObject\",\"inLanguage\":\"en-US\",\"@id\":\"https:\/\/cycleenvironnement.com\/#\/schema\/logo\/image\/\",\"url\":\"https:\/\/cycleenvironnement.com\/wp-content\/uploads\/2019\/10\/Logo_Cycle-fonc\u00e9.jpg\",\"contentUrl\":\"https:\/\/cycleenvironnement.com\/wp-content\/uploads\/2019\/10\/Logo_Cycle-fonc\u00e9.jpg\",\"width\":1848,\"height\":773,\"caption\":\"Cycle environnement\"},\"image\":{\"@id\":\"https:\/\/cycleenvironnement.com\/#\/schema\/logo\/image\/\"},\"sameAs\":[\"https:\/\/www.facebook.com\/cycleenvironnement\",\"https:\/\/twitter.com\/Cycleenvironne1\",\"https:\/\/www.linkedin.com\/company\/cycle-environnement\"]}]}<\/script>\n<!-- \/ Yoast SEO plugin. -->","yoast_head_json":{"title":"\u00c9tudes de cas - Cycle environnement","robots":{"index":"index","follow":"follow","max-snippet":"max-snippet:-1","max-image-preview":"max-image-preview:large","max-video-preview":"max-video-preview:-1"},"canonical":"https:\/\/cycleenvironnement.com\/en\/etudes-de-cas\/","og_locale":"en_US","og_type":"article","og_title":"\u00c9tudes de cas - Cycle environnement","og_description":"\u00c9tudes de cas 40 000 produits, 300 fournisseurs Un processus complexe simplifi\u00e9 ! La complexit\u00e9 des d\u00e9clarations pour un d\u00e9taillant en alimentation Variances inexpliqu\u00e9es Une expertise payante !","og_url":"https:\/\/cycleenvironnement.com\/en\/etudes-de-cas\/","og_site_name":"Cycle environnement","article_publisher":"https:\/\/www.facebook.com\/cycleenvironnement","article_modified_time":"2021-05-25T15:20:35+00:00","og_image":[{"url":"https:\/\/cycleenvironnement.com\/wp-content\/uploads\/elementor\/thumbs\/case_study2-p7d3gp7hiwe8in1os3da8zndnwju8xjksl6b6g9h7g.jpg"}],"twitter_card":"summary_large_image","twitter_site":"@Cycleenvironne1","twitter_misc":{"Est. reading time":"1 minute"},"schema":{"@context":"https:\/\/schema.org","@graph":[{"@type":"WebPage","@id":"https:\/\/cycleenvironnement.com\/etudes-de-cas\/","url":"https:\/\/cycleenvironnement.com\/etudes-de-cas\/","name":"\u00c9tudes de cas - Cycle environnement","isPartOf":{"@id":"https:\/\/cycleenvironnement.com\/#website"},"datePublished":"2019-12-05T17:09:56+00:00","dateModified":"2021-05-25T15:20:35+00:00","breadcrumb":{"@id":"https:\/\/cycleenvironnement.com\/etudes-de-cas\/#breadcrumb"},"inLanguage":"en-US","potentialAction":[{"@type":"ReadAction","target":["https:\/\/cycleenvironnement.com\/etudes-de-cas\/"]}]},{"@type":"BreadcrumbList","@id":"https:\/\/cycleenvironnement.com\/etudes-de-cas\/#breadcrumb","itemListElement":[{"@type":"ListItem","position":1,"name":"Home","item":"https:\/\/cycleenvironnement.com\/"},{"@type":"ListItem","position":2,"name":"\u00c9tudes de cas"}]},{"@type":"WebSite","@id":"https:\/\/cycleenvironnement.com\/#website","url":"https:\/\/cycleenvironnement.com\/","name":"Cycle environnement","description":"\u00c9cofiscalistes - Gestion des \u00e9cofrais","publisher":{"@id":"https:\/\/cycleenvironnement.com\/#organization"},"potentialAction":[{"@type":"SearchAction","target":{"@type":"EntryPoint","urlTemplate":"https:\/\/cycleenvironnement.com\/?s={search_term_string}"},"query-input":"required name=search_term_string"}],"inLanguage":"en-US"},{"@type":"Organization","@id":"https:\/\/cycleenvironnement.com\/#organization","name":"Cycle environnement","url":"https:\/\/cycleenvironnement.com\/","logo":{"@type":"ImageObject","inLanguage":"en-US","@id":"https:\/\/cycleenvironnement.com\/#\/schema\/logo\/image\/","url":"https:\/\/cycleenvironnement.com\/wp-content\/uploads\/2019\/10\/Logo_Cycle-fonc\u00e9.jpg","contentUrl":"https:\/\/cycleenvironnement.com\/wp-content\/uploads\/2019\/10\/Logo_Cycle-fonc\u00e9.jpg","width":1848,"height":773,"caption":"Cycle environnement"},"image":{"@id":"https:\/\/cycleenvironnement.com\/#\/schema\/logo\/image\/"},"sameAs":["https:\/\/www.facebook.com\/cycleenvironnement","https:\/\/twitter.com\/Cycleenvironne1","https:\/\/www.linkedin.com\/company\/cycle-environnement"]}]}},"_links":{"self":[{"href":"https:\/\/cycleenvironnement.com\/en\/wp-json\/wp\/v2\/pages\/602"}],"collection":[{"href":"https:\/\/cycleenvironnement.com\/en\/wp-json\/wp\/v2\/pages"}],"about":[{"href":"https:\/\/cycleenvironnement.com\/en\/wp-json\/wp\/v2\/types\/page"}],"author":[{"embeddable":true,"href":"https:\/\/cycleenvironnement.com\/en\/wp-json\/wp\/v2\/users\/1"}],"replies":[{"embeddable":true,"href":"https:\/\/cycleenvironnement.com\/en\/wp-json\/wp\/v2\/comments?post=602"}],"version-history":[{"count":27,"href":"https:\/\/cycleenvironnement.com\/en\/wp-json\/wp\/v2\/pages\/602\/revisions"}],"predecessor-version":[{"id":1901,"href":"https:\/\/cycleenvironnement.com\/en\/wp-json\/wp\/v2\/pages\/602\/revisions\/1901"}],"wp:attachment":[{"href":"https:\/\/cycleenvironnement.com\/en\/wp-json\/wp\/v2\/media?parent=602"}],"curies":[{"name":"wp","href":"https:\/\/api.w.org\/{rel}","templated":true}]}}