{"id":1829,"date":"2021-04-23T14:25:02","date_gmt":"2021-04-23T14:25:02","guid":{"rendered":"https:\/\/cycleenvironnement.com\/la-pandemie-le-commerce-en-ligne-et-les-ecofrais-copy\/"},"modified":"2021-04-23T14:29:06","modified_gmt":"2021-04-23T14:29:06","slug":"demarrage_ecofrais","status":"publish","type":"page","link":"https:\/\/cycleenvironnement.com\/en\/demarrage_ecofrais\/","title":{"rendered":"Blogue &#8211; Article &#8211; D\u00e9marrage et \u00e9cofrais"},"content":{"rendered":"<div data-elementor-type=\"wp-page\" data-elementor-id=\"1829\" class=\"elementor elementor-1829\">\n\t\t\t\t\t\t\t\t\t<section class=\"elementor-section elementor-top-section elementor-element elementor-element-2c956e8 elementor-section-full_width elementor-section-height-min-height elementor-section-height-default elementor-section-items-middle\" data-id=\"2c956e8\" data-element_type=\"section\" data-settings=\"{&quot;background_background&quot;:&quot;classic&quot;}\">\n\t\t\t\t\t\t<div class=\"elementor-container elementor-column-gap-no\">\n\t\t\t\t\t<div class=\"elementor-column elementor-col-100 elementor-top-column elementor-element elementor-element-b1155ef\" data-id=\"b1155ef\" data-element_type=\"column\">\n\t\t\t<div class=\"elementor-widget-wrap elementor-element-populated\">\n\t\t\t\t\t\t\t\t<div class=\"elementor-element elementor-element-1466471 elementor-widget elementor-widget-heading\" data-id=\"1466471\" data-element_type=\"widget\" data-widget_type=\"heading.default\">\n\t\t\t\t<div class=\"elementor-widget-container\">\n\t\t\t<h2 class=\"elementor-heading-title elementor-size-default\">BLOG<\/h2>\t\t<\/div>\n\t\t\t\t<\/div>\n\t\t\t\t\t<\/div>\n\t\t<\/div>\n\t\t\t\t\t\t\t<\/div>\n\t\t<\/section>\n\t\t\t\t<section class=\"elementor-section elementor-top-section elementor-element elementor-element-4070e1f elementor-section-boxed elementor-section-height-default elementor-section-height-default\" data-id=\"4070e1f\" data-element_type=\"section\">\n\t\t\t\t\t\t<div class=\"elementor-container elementor-column-gap-no\">\n\t\t\t\t\t<div class=\"elementor-column elementor-col-100 elementor-top-column elementor-element elementor-element-8e50ce9\" data-id=\"8e50ce9\" data-element_type=\"column\">\n\t\t\t<div class=\"elementor-widget-wrap elementor-element-populated\">\n\t\t\t\t\t\t\t\t<div class=\"elementor-element elementor-element-abf1da2 elementor-widget elementor-widget-heading\" data-id=\"abf1da2\" data-element_type=\"widget\" data-widget_type=\"heading.default\">\n\t\t\t\t<div class=\"elementor-widget-container\">\n\t\t\t<h2 class=\"elementor-heading-title elementor-size-default\">Start-Ups and Eco-Fees<\/h2>\t\t<\/div>\n\t\t\t\t<\/div>\n\t\t\t\t<div class=\"elementor-element elementor-element-cff1df4 elementor-widget elementor-widget-heading\" data-id=\"cff1df4\" data-element_type=\"widget\" data-widget_type=\"heading.default\">\n\t\t\t\t<div class=\"elementor-widget-container\">\n\t\t\t<h2 class=\"elementor-heading-title elementor-size-default\">Publi\u00e9 le 23 avril 2021<\/h2>\t\t<\/div>\n\t\t\t\t<\/div>\n\t\t\t\t<div class=\"elementor-element elementor-element-9705173 elementor-widget elementor-widget-text-editor\" data-id=\"9705173\" data-element_type=\"widget\" data-widget_type=\"text-editor.default\">\n\t\t\t\t<div class=\"elementor-widget-container\">\n\t\t\t\t\t\t\t<p>Many businesses are still unaware that they have to pay eco-fees on the products they put on the market. If you didn\u2019t know, eco-fees are environmental handling fees that cover the cost of collecting and recycling certain products at the end of their useful life.<\/p><p>In Canada, most programs target containers, packaging, printed matter, newspapers, magazines, batteries, electronics (ICTs), oils, paints, mercury-containing lamps and other. Household appliances and air conditioners were recently added to this list in Quebec, as part of a program implemented on April 1, 2021.<\/p>\t\t\t\t\t\t<\/div>\n\t\t\t\t<\/div>\n\t\t\t\t<div class=\"elementor-element elementor-element-d0a963e elementor-widget elementor-widget-image\" data-id=\"d0a963e\" data-element_type=\"widget\" data-widget_type=\"image.default\">\n\t\t\t\t<div class=\"elementor-widget-container\">\n\t\t\t\t\t\t\t\t\t\t\t\t\t\t\t<img decoding=\"async\" loading=\"lazy\" width=\"1920\" height=\"1020\" src=\"https:\/\/cycleenvironnement.com\/wp-content\/uploads\/2021\/04\/Photo-3.png\" class=\"attachment-full size-full wp-image-1833\" alt=\"\" srcset=\"https:\/\/cycleenvironnement.com\/wp-content\/uploads\/2021\/04\/Photo-3.png 1920w, https:\/\/cycleenvironnement.com\/wp-content\/uploads\/2021\/04\/Photo-3-300x159.png 300w, https:\/\/cycleenvironnement.com\/wp-content\/uploads\/2021\/04\/Photo-3-1024x544.png 1024w, https:\/\/cycleenvironnement.com\/wp-content\/uploads\/2021\/04\/Photo-3-768x408.png 768w, https:\/\/cycleenvironnement.com\/wp-content\/uploads\/2021\/04\/Photo-3-1536x816.png 1536w, https:\/\/cycleenvironnement.com\/wp-content\/uploads\/2021\/04\/Photo-3-16x9.png 16w\" sizes=\"100vw\" \/>\t\t\t\t\t\t\t\t\t\t\t\t\t\t\t<\/div>\n\t\t\t\t<\/div>\n\t\t\t\t<div class=\"elementor-element elementor-element-b5c3733 elementor-widget elementor-widget-text-editor\" data-id=\"b5c3733\" data-element_type=\"widget\" data-widget_type=\"text-editor.default\">\n\t\t\t\t<div class=\"elementor-widget-container\">\n\t\t\t\t\t\t\t<p>Businesses must report to different eco-fee programs depending on the type of products they sell, their target clientele and the province they are based in. Some businesses are eligible for an eco-fee exemption based on their revenue, the number of products they put on the market and other criteria specific to each program and province. For example, a start-up could initially claim an exemption, but would eventually have to file reports and pay a contribution to have its products and packaging collected and recycled.<\/p>\t\t\t\t\t\t<\/div>\n\t\t\t\t<\/div>\n\t\t\t\t<div class=\"elementor-element elementor-element-130b24a elementor-widget elementor-widget-image\" data-id=\"130b24a\" data-element_type=\"widget\" data-widget_type=\"image.default\">\n\t\t\t\t<div class=\"elementor-widget-container\">\n\t\t\t\t\t\t\t\t\t\t\t\t\t\t\t<img decoding=\"async\" loading=\"lazy\" width=\"1920\" height=\"1020\" src=\"https:\/\/cycleenvironnement.com\/wp-content\/uploads\/2021\/04\/Photo-2.png\" class=\"attachment-full size-full wp-image-1832\" alt=\"\" srcset=\"https:\/\/cycleenvironnement.com\/wp-content\/uploads\/2021\/04\/Photo-2.png 1920w, https:\/\/cycleenvironnement.com\/wp-content\/uploads\/2021\/04\/Photo-2-300x159.png 300w, https:\/\/cycleenvironnement.com\/wp-content\/uploads\/2021\/04\/Photo-2-1024x544.png 1024w, https:\/\/cycleenvironnement.com\/wp-content\/uploads\/2021\/04\/Photo-2-768x408.png 768w, https:\/\/cycleenvironnement.com\/wp-content\/uploads\/2021\/04\/Photo-2-1536x816.png 1536w, https:\/\/cycleenvironnement.com\/wp-content\/uploads\/2021\/04\/Photo-2-16x9.png 16w\" sizes=\"100vw\" \/>\t\t\t\t\t\t\t\t\t\t\t\t\t\t\t<\/div>\n\t\t\t\t<\/div>\n\t\t\t\t<div class=\"elementor-element elementor-element-8428dac elementor-widget elementor-widget-text-editor\" data-id=\"8428dac\" data-element_type=\"widget\" data-widget_type=\"text-editor.default\">\n\t\t\t\t<div class=\"elementor-widget-container\">\n\t\t\t\t\t\t\t<p>In 2021, it is vital that businesses face up to their social responsibility and stop sticking their head in the sand! A few years ago, the manager of a children's toy company confessed to me that he wouldn\u2019t participate in any of these programs until they started fining him. Wow. Doesn\u2019t he realize that by shirking his responsibilities in this way, he's just passing the buck to his customers? Not the best business ethics!<\/p><p>In short, it\u2019s important to know that these programs exist, to check if your products and packaging are subject to eco-fees and to contribute your fair share. Working together as a society, we can take steps to turn our waste into a resource.<\/p><p>For peace of mind and to find out what your obligations are, contact us! We look forward to discussing this with you.<\/p><p>Pour avoir la conscience tranquille et v\u00e9rifier vos obligations, contactez-nous. C&rsquo;est avec plaisir que nous en discuterons avec vous!<\/p>\t\t\t\t\t\t<\/div>\n\t\t\t\t<\/div>\n\t\t\t\t<div class=\"elementor-element elementor-element-f86bd3b elementor-widget elementor-widget-spacer\" data-id=\"f86bd3b\" data-element_type=\"widget\" data-widget_type=\"spacer.default\">\n\t\t\t\t<div class=\"elementor-widget-container\">\n\t\t\t\t\t<div class=\"elementor-spacer\">\n\t\t\t<div class=\"elementor-spacer-inner\"><\/div>\n\t\t<\/div>\n\t\t\t\t<\/div>\n\t\t\t\t<\/div>\n\t\t\t\t\t<\/div>\n\t\t<\/div>\n\t\t\t\t\t\t\t<\/div>\n\t\t<\/section>\n\t\t\t\t\t\t\t<\/div>","protected":false},"excerpt":{"rendered":"<p>BLOGUE D\u00e9marrage et \u00e9cofrais Publi\u00e9 le 23 avril 2021 Encore aujourd\u2019hui, plusieurs entreprises ignorent qu\u2019elles doivent payer des \u00e9cofrais pour les produits qu\u2019elles mettent sur le march\u00e9. \u00c9co quoi? Les \u00e9cofrais sont des frais de gestion environnementale qui servent \u00e0 financer la r\u00e9cup\u00e9ration et le recyclage de certains produits en fin de vie utile. Au &hellip; <\/p>\n<p class=\"link-more\"><a href=\"https:\/\/cycleenvironnement.com\/en\/demarrage_ecofrais\/\" class=\"more-link\">Continue reading<span class=\"screen-reader-text\"> &laquo; Blogue &#8211; Article &#8211; D\u00e9marrage et \u00e9cofrais &raquo;<\/span><\/a><\/p>","protected":false},"author":1,"featured_media":0,"parent":0,"menu_order":0,"comment_status":"closed","ping_status":"closed","template":"elementor_header_footer","meta":{"_mi_skip_tracking":false,"_monsterinsights_sitenote_active":false,"_monsterinsights_sitenote_note":"","_monsterinsights_sitenote_category":0,"footnotes":""},"yoast_head":"<!-- This site is optimized with the Yoast SEO plugin v21.1 - https:\/\/yoast.com\/wordpress\/plugins\/seo\/ -->\n<title>Blogue - Article - D\u00e9marrage et \u00e9cofrais - Cycle environnement<\/title>\n<meta name=\"robots\" content=\"index, follow, max-snippet:-1, max-image-preview:large, max-video-preview:-1\" \/>\n<link rel=\"canonical\" href=\"https:\/\/cycleenvironnement.com\/en\/demarrage_ecofrais\/\" \/>\n<meta property=\"og:locale\" content=\"en_US\" \/>\n<meta property=\"og:type\" content=\"article\" \/>\n<meta property=\"og:title\" content=\"Blogue - Article - D\u00e9marrage et \u00e9cofrais - Cycle environnement\" \/>\n<meta property=\"og:description\" content=\"BLOGUE D\u00e9marrage et \u00e9cofrais Publi\u00e9 le 23 avril 2021 Encore aujourd\u2019hui, plusieurs entreprises ignorent qu\u2019elles doivent payer des \u00e9cofrais pour les produits qu\u2019elles mettent sur le march\u00e9. \u00c9co quoi? Les \u00e9cofrais sont des frais de gestion environnementale qui servent \u00e0 financer la r\u00e9cup\u00e9ration et le recyclage de certains produits en fin de vie utile. Au &hellip; Continue reading &quot;Blogue &#8211; Article &#8211; D\u00e9marrage et \u00e9cofrais&quot;\" \/>\n<meta property=\"og:url\" content=\"https:\/\/cycleenvironnement.com\/en\/demarrage_ecofrais\/\" \/>\n<meta property=\"og:site_name\" content=\"Cycle environnement\" \/>\n<meta property=\"article:publisher\" content=\"https:\/\/www.facebook.com\/cycleenvironnement\" \/>\n<meta property=\"article:modified_time\" content=\"2021-04-23T14:29:06+00:00\" \/>\n<meta property=\"og:image\" content=\"https:\/\/cycleenvironnement.com\/wp-content\/uploads\/2021\/04\/Photo-3.png\" \/>\n<meta name=\"twitter:card\" content=\"summary_large_image\" \/>\n<meta name=\"twitter:site\" content=\"@Cycleenvironne1\" \/>\n<meta name=\"twitter:label1\" content=\"Est. reading time\" \/>\n\t<meta name=\"twitter:data1\" content=\"2 minutes\" \/>\n<script type=\"application\/ld+json\" class=\"yoast-schema-graph\">{\"@context\":\"https:\/\/schema.org\",\"@graph\":[{\"@type\":\"WebPage\",\"@id\":\"https:\/\/cycleenvironnement.com\/demarrage_ecofrais\/\",\"url\":\"https:\/\/cycleenvironnement.com\/demarrage_ecofrais\/\",\"name\":\"Blogue - Article - D\u00e9marrage et \u00e9cofrais - Cycle environnement\",\"isPartOf\":{\"@id\":\"https:\/\/cycleenvironnement.com\/#website\"},\"datePublished\":\"2021-04-23T14:25:02+00:00\",\"dateModified\":\"2021-04-23T14:29:06+00:00\",\"breadcrumb\":{\"@id\":\"https:\/\/cycleenvironnement.com\/demarrage_ecofrais\/#breadcrumb\"},\"inLanguage\":\"en-US\",\"potentialAction\":[{\"@type\":\"ReadAction\",\"target\":[\"https:\/\/cycleenvironnement.com\/demarrage_ecofrais\/\"]}]},{\"@type\":\"BreadcrumbList\",\"@id\":\"https:\/\/cycleenvironnement.com\/demarrage_ecofrais\/#breadcrumb\",\"itemListElement\":[{\"@type\":\"ListItem\",\"position\":1,\"name\":\"Home\",\"item\":\"https:\/\/cycleenvironnement.com\/\"},{\"@type\":\"ListItem\",\"position\":2,\"name\":\"Blogue &#8211; Article &#8211; D\u00e9marrage et \u00e9cofrais\"}]},{\"@type\":\"WebSite\",\"@id\":\"https:\/\/cycleenvironnement.com\/#website\",\"url\":\"https:\/\/cycleenvironnement.com\/\",\"name\":\"Cycle environnement\",\"description\":\"\u00c9cofiscalistes - Gestion des \u00e9cofrais\",\"publisher\":{\"@id\":\"https:\/\/cycleenvironnement.com\/#organization\"},\"potentialAction\":[{\"@type\":\"SearchAction\",\"target\":{\"@type\":\"EntryPoint\",\"urlTemplate\":\"https:\/\/cycleenvironnement.com\/?s={search_term_string}\"},\"query-input\":\"required name=search_term_string\"}],\"inLanguage\":\"en-US\"},{\"@type\":\"Organization\",\"@id\":\"https:\/\/cycleenvironnement.com\/#organization\",\"name\":\"Cycle environnement\",\"url\":\"https:\/\/cycleenvironnement.com\/\",\"logo\":{\"@type\":\"ImageObject\",\"inLanguage\":\"en-US\",\"@id\":\"https:\/\/cycleenvironnement.com\/#\/schema\/logo\/image\/\",\"url\":\"https:\/\/cycleenvironnement.com\/wp-content\/uploads\/2019\/10\/Logo_Cycle-fonc\u00e9.jpg\",\"contentUrl\":\"https:\/\/cycleenvironnement.com\/wp-content\/uploads\/2019\/10\/Logo_Cycle-fonc\u00e9.jpg\",\"width\":1848,\"height\":773,\"caption\":\"Cycle environnement\"},\"image\":{\"@id\":\"https:\/\/cycleenvironnement.com\/#\/schema\/logo\/image\/\"},\"sameAs\":[\"https:\/\/www.facebook.com\/cycleenvironnement\",\"https:\/\/twitter.com\/Cycleenvironne1\",\"https:\/\/www.linkedin.com\/company\/cycle-environnement\"]}]}<\/script>\n<!-- \/ Yoast SEO plugin. -->","yoast_head_json":{"title":"Blogue - Article - D\u00e9marrage et \u00e9cofrais - Cycle environnement","robots":{"index":"index","follow":"follow","max-snippet":"max-snippet:-1","max-image-preview":"max-image-preview:large","max-video-preview":"max-video-preview:-1"},"canonical":"https:\/\/cycleenvironnement.com\/en\/demarrage_ecofrais\/","og_locale":"en_US","og_type":"article","og_title":"Blogue - Article - D\u00e9marrage et \u00e9cofrais - Cycle environnement","og_description":"BLOGUE D\u00e9marrage et \u00e9cofrais Publi\u00e9 le 23 avril 2021 Encore aujourd\u2019hui, plusieurs entreprises ignorent qu\u2019elles doivent payer des \u00e9cofrais pour les produits qu\u2019elles mettent sur le march\u00e9. \u00c9co quoi? Les \u00e9cofrais sont des frais de gestion environnementale qui servent \u00e0 financer la r\u00e9cup\u00e9ration et le recyclage de certains produits en fin de vie utile. Au &hellip; Continue reading \"Blogue &#8211; Article &#8211; D\u00e9marrage et \u00e9cofrais\"","og_url":"https:\/\/cycleenvironnement.com\/en\/demarrage_ecofrais\/","og_site_name":"Cycle environnement","article_publisher":"https:\/\/www.facebook.com\/cycleenvironnement","article_modified_time":"2021-04-23T14:29:06+00:00","og_image":[{"url":"https:\/\/cycleenvironnement.com\/wp-content\/uploads\/2021\/04\/Photo-3.png"}],"twitter_card":"summary_large_image","twitter_site":"@Cycleenvironne1","twitter_misc":{"Est. reading time":"2 minutes"},"schema":{"@context":"https:\/\/schema.org","@graph":[{"@type":"WebPage","@id":"https:\/\/cycleenvironnement.com\/demarrage_ecofrais\/","url":"https:\/\/cycleenvironnement.com\/demarrage_ecofrais\/","name":"Blogue - Article - D\u00e9marrage et \u00e9cofrais - Cycle environnement","isPartOf":{"@id":"https:\/\/cycleenvironnement.com\/#website"},"datePublished":"2021-04-23T14:25:02+00:00","dateModified":"2021-04-23T14:29:06+00:00","breadcrumb":{"@id":"https:\/\/cycleenvironnement.com\/demarrage_ecofrais\/#breadcrumb"},"inLanguage":"en-US","potentialAction":[{"@type":"ReadAction","target":["https:\/\/cycleenvironnement.com\/demarrage_ecofrais\/"]}]},{"@type":"BreadcrumbList","@id":"https:\/\/cycleenvironnement.com\/demarrage_ecofrais\/#breadcrumb","itemListElement":[{"@type":"ListItem","position":1,"name":"Home","item":"https:\/\/cycleenvironnement.com\/"},{"@type":"ListItem","position":2,"name":"Blogue &#8211; Article &#8211; D\u00e9marrage et \u00e9cofrais"}]},{"@type":"WebSite","@id":"https:\/\/cycleenvironnement.com\/#website","url":"https:\/\/cycleenvironnement.com\/","name":"Cycle environnement","description":"\u00c9cofiscalistes - Gestion des \u00e9cofrais","publisher":{"@id":"https:\/\/cycleenvironnement.com\/#organization"},"potentialAction":[{"@type":"SearchAction","target":{"@type":"EntryPoint","urlTemplate":"https:\/\/cycleenvironnement.com\/?s={search_term_string}"},"query-input":"required name=search_term_string"}],"inLanguage":"en-US"},{"@type":"Organization","@id":"https:\/\/cycleenvironnement.com\/#organization","name":"Cycle environnement","url":"https:\/\/cycleenvironnement.com\/","logo":{"@type":"ImageObject","inLanguage":"en-US","@id":"https:\/\/cycleenvironnement.com\/#\/schema\/logo\/image\/","url":"https:\/\/cycleenvironnement.com\/wp-content\/uploads\/2019\/10\/Logo_Cycle-fonc\u00e9.jpg","contentUrl":"https:\/\/cycleenvironnement.com\/wp-content\/uploads\/2019\/10\/Logo_Cycle-fonc\u00e9.jpg","width":1848,"height":773,"caption":"Cycle environnement"},"image":{"@id":"https:\/\/cycleenvironnement.com\/#\/schema\/logo\/image\/"},"sameAs":["https:\/\/www.facebook.com\/cycleenvironnement","https:\/\/twitter.com\/Cycleenvironne1","https:\/\/www.linkedin.com\/company\/cycle-environnement"]}]}},"_links":{"self":[{"href":"https:\/\/cycleenvironnement.com\/en\/wp-json\/wp\/v2\/pages\/1829"}],"collection":[{"href":"https:\/\/cycleenvironnement.com\/en\/wp-json\/wp\/v2\/pages"}],"about":[{"href":"https:\/\/cycleenvironnement.com\/en\/wp-json\/wp\/v2\/types\/page"}],"author":[{"embeddable":true,"href":"https:\/\/cycleenvironnement.com\/en\/wp-json\/wp\/v2\/users\/1"}],"replies":[{"embeddable":true,"href":"https:\/\/cycleenvironnement.com\/en\/wp-json\/wp\/v2\/comments?post=1829"}],"version-history":[{"count":4,"href":"https:\/\/cycleenvironnement.com\/en\/wp-json\/wp\/v2\/pages\/1829\/revisions"}],"predecessor-version":[{"id":1836,"href":"https:\/\/cycleenvironnement.com\/en\/wp-json\/wp\/v2\/pages\/1829\/revisions\/1836"}],"wp:attachment":[{"href":"https:\/\/cycleenvironnement.com\/en\/wp-json\/wp\/v2\/media?parent=1829"}],"curies":[{"name":"wp","href":"https:\/\/api.w.org\/{rel}","templated":true}]}}