{"id":1586,"date":"2021-03-02T21:09:59","date_gmt":"2021-03-02T21:09:59","guid":{"rendered":"https:\/\/cycleenvironnement.com\/freeev202010-copy\/"},"modified":"2021-03-02T21:10:43","modified_gmt":"2021-03-02T21:10:43","slug":"analyse","status":"publish","type":"page","link":"https:\/\/cycleenvironnement.com\/en\/analyse\/","title":{"rendered":"Free analysis"},"content":{"rendered":"<div data-elementor-type=\"wp-page\" data-elementor-id=\"1586\" class=\"elementor elementor-1586\">\n\t\t\t\t\t\t\t\t\t<section class=\"elementor-section elementor-top-section elementor-element elementor-element-17476ed1 elementor-section-stretched elementor-section-boxed elementor-section-height-default elementor-section-height-default\" data-id=\"17476ed1\" data-element_type=\"section\" data-settings=\"{&quot;stretch_section&quot;:&quot;section-stretched&quot;}\">\n\t\t\t\t\t\t<div class=\"elementor-container elementor-column-gap-default\">\n\t\t\t\t\t<div class=\"elementor-column elementor-col-100 elementor-top-column elementor-element elementor-element-7d3b789\" data-id=\"7d3b789\" data-element_type=\"column\">\n\t\t\t<div class=\"elementor-widget-wrap elementor-element-populated\">\n\t\t\t\t\t\t\t\t<div class=\"elementor-element elementor-element-a202391 elementor-widget elementor-widget-heading\" data-id=\"a202391\" data-element_type=\"widget\" data-widget_type=\"heading.default\">\n\t\t\t\t<div class=\"elementor-widget-container\">\n\t\t\t<h2 class=\"elementor-heading-title elementor-size-default\">ECOFEE REPORTING EVALUATION\n<\/h2>\t\t<\/div>\n\t\t\t\t<\/div>\n\t\t\t\t<div class=\"elementor-element elementor-element-96199f4 elementor-widget elementor-widget-heading\" data-id=\"96199f4\" data-element_type=\"widget\" data-widget_type=\"heading.default\">\n\t\t\t\t<div class=\"elementor-widget-container\">\n\t\t\t<h2 class=\"elementor-heading-title elementor-size-default\">Analysis and recommendations<\/h2>\t\t<\/div>\n\t\t\t\t<\/div>\n\t\t\t\t<div class=\"elementor-element elementor-element-cc07993 elementor-widget elementor-widget-heading\" data-id=\"cc07993\" data-element_type=\"widget\" data-widget_type=\"heading.default\">\n\t\t\t\t<div class=\"elementor-widget-container\">\n\t\t\t<h2 class=\"elementor-heading-title elementor-size-default\">Complete the following form to get your free evaluation.<\/h2>\t\t<\/div>\n\t\t\t\t<\/div>\n\t\t\t\t<div class=\"elementor-element elementor-element-c9ffba6 elementor-widget elementor-widget-heading\" data-id=\"c9ffba6\" data-element_type=\"widget\" data-widget_type=\"heading.default\">\n\t\t\t\t<div class=\"elementor-widget-container\">\n\t\t\t<h2 class=\"elementor-heading-title elementor-size-default\">(Fields marked with * are required)<\/h2>\t\t<\/div>\n\t\t\t\t<\/div>\n\t\t\t\t<div class=\"elementor-element elementor-element-b422db2 elementor-widget elementor-widget-shortcode\" data-id=\"b422db2\" data-element_type=\"widget\" data-widget_type=\"shortcode.default\">\n\t\t\t\t<div class=\"elementor-widget-container\">\n\t\t\t\t\t<div class=\"elementor-shortcode\"><div class=\"frm_forms  with_frm_style frm_style_formidable-style\" id=\"frm_form_5_container\" >\n<form enctype=\"multipart\/form-data\" method=\"post\" class=\"frm-show-form  frm_pro_form  frm_ajax_submit\" id=\"form_evaluation\" action=\"\"  >\n<div class=\"frm_form_fields  frm_page_num_1\">\n<fieldset>\n<legend class=\"frm_screen_reader\">Evaluation<\/legend>\r\n\r\n<div class=\"frm_fields_container\">\n<div class=\"frm_rootline_group\"><ul class=\"frm_page_bar frm_rootline_5 frm_rootline frm_rootline_line frm_no_numbers frm_show_lines\"><li class=\"frm_rootline_single frm_current_page\"><input type=\"button\" value=\"1\" data-page=\"\" class=\"frm_page_1\" disabled=\"disabled\" data-field=\"0\" aria-label=\"Company\"  \/><span class=\"frm_rootline_title\">Company<\/span><\/li><li class=\"frm_rootline_single\"><input type=\"button\" value=\"2\" data-page=\"11\" class=\"frm_page_skip frm_page_2\" data-field=\"100\" aria-label=\"Confidentiality\"  \/><span class=\"frm_rootline_title\">Confidentiality<\/span><\/li><li class=\"frm_rootline_single\"><input type=\"button\" value=\"3\" data-page=\"15\" class=\"frm_page_skip frm_page_3\" data-field=\"91\" aria-label=\"Secteur d&#039;activit\u00e9\"  \/><span class=\"frm_rootline_title\">Business field<\/span><\/li><li class=\"frm_rootline_single\"><input type=\"button\" value=\"4\" data-page=\"20\" class=\"frm_page_skip frm_page_4\" data-field=\"95\" aria-label=\"Compliance questions\"  \/><span class=\"frm_rootline_title\">Compliance questions<\/span><\/li><li class=\"frm_rootline_single\"><input type=\"button\" value=\"5\" data-page=\"27\" class=\"frm_page_skip frm_page_5\" data-field=\"96\" aria-label=\"Document upload\"  \/><span class=\"frm_rootline_title\">Document upload<\/span><\/li><\/ul><div class=\"frm_clearfix\"><\/div><\/div><input type=\"hidden\" name=\"frm_action\" value=\"create\" \/>\n<input type=\"hidden\" name=\"form_id\" value=\"5\" \/>\n<input type=\"hidden\" name=\"frm_hide_fields_5\" id=\"frm_hide_fields_5\" value=\"\" \/>\n<input type=\"hidden\" name=\"form_key\" value=\"evaluation\" \/>\n<input type=\"hidden\" name=\"item_meta[0]\" value=\"\" \/>\n<input type=\"hidden\" id=\"frm_submit_entry_5\" name=\"frm_submit_entry_5\" value=\"bc05affa9c\" \/><input type=\"hidden\" name=\"_wp_http_referer\" value=\"\/en\/wp-json\/wp\/v2\/pages\/1586\" \/><div id=\"frm_field_107_container\" class=\"frm_form_field form-field  frm_top_container frm_hidden\">\r\n    <label for=\"field_qzvtc\" id=\"field_qzvtc_label\" class=\"frm_primary_label\">Date\r\n        <span class=\"frm_required\"><\/span>\r\n    <\/label>\r\n    <input type=\"text\" id=\"field_qzvtc\" name=\"item_meta[107]\" value=\"2026\/05\/07\"  maxlength=\"10\" data-frmval=\"2026\/05\/07\" data-invmsg=\"Date is invalid\" class=\"frm_date\" aria-invalid=\"false\"  \/>\r\n    \r\n    \r\n<\/div>\n<div id=\"frm_field_108_container\" class=\"frm_form_field form-field  frm_top_container frm_hidden\">\r\n    <label for=\"field_puq3a\" id=\"field_puq3a_label\" class=\"frm_primary_label\">Language\r\n        <span class=\"frm_required\"><\/span>\r\n    <\/label>\r\n    <input type=\"text\" id=\"field_puq3a\" name=\"item_meta[108]\" value=\"\/en\/wp-json\/wp\/v2\/pages\/1586\"  data-frmval=\"\/en\/wp-json\/wp\/v2\/pages\/1586\" data-invmsg=\"Language is invalid\" aria-invalid=\"false\"  \/>\r\n    \r\n    \r\n<\/div>\n<div id=\"frm_field_73_container\" class=\"frm_form_field form-field  frm_required_field frm_top_container frm_fourth frm_first\">\r\n    <label for=\"field_mt33x\" id=\"field_mt33x_label\" class=\"frm_primary_label\">Name\r\n        <span class=\"frm_required\">*<\/span>\r\n    <\/label>\r\n    <input type=\"text\" id=\"field_mt33x\" name=\"item_meta[73]\" value=\"\"  data-reqmsg=\"Ce champ est requis.\" aria-required=\"true\" data-invmsg=\"Text is invalid\" aria-invalid=\"false\"  \/>\r\n    \r\n    \r\n<\/div>\n<div id=\"frm_field_77_container\" class=\"frm_form_field form-field  frm_required_field frm_top_container frm_fourth frm_second\">\r\n    <label for=\"field_ftk8t\" id=\"field_ftk8t_label\" class=\"frm_primary_label\">Title\r\n        <span class=\"frm_required\">*<\/span>\r\n    <\/label>\r\n    <input type=\"text\" id=\"field_ftk8t\" name=\"item_meta[77]\" value=\"\"  data-reqmsg=\"Ce champ est requis.\" aria-required=\"true\" data-invmsg=\"Text is invalid\" aria-invalid=\"false\"  \/>\r\n    \r\n    \r\n<\/div>\n<div id=\"frm_field_75_container\" class=\"frm_form_field form-field  frm_required_field frm_top_container frm_fourth frm_first\">\r\n    <label for=\"field_y7t3r\" id=\"field_y7t3r_label\" class=\"frm_primary_label\">E-mail\r\n        <span class=\"frm_required\">*<\/span>\r\n    <\/label>\r\n    <input type=\"email\" id=\"field_y7t3r\" name=\"item_meta[75]\" value=\"\"  data-reqmsg=\"Ce champ est requis.\" aria-required=\"true\" data-invmsg=\"Email is invalid\" aria-invalid=\"false\"  \/>\r\n    \r\n    \r\n<\/div>\n<div id=\"frm_field_conf_75_container\" class=\"frm_form_field frm_hidden_container frm_conf_field form-field  frm_required_field frm_top_container frm_fourth\">\r\n    <label for=\"field_conf_y7t3r\" id=\"field_conf_y7t3r_label\" class=\"frm_conf_label frm_primary_label\">Confirm Courriel\r\n        <span class=\"frm_required\">*<\/span>\r\n    <\/label>\r\n    <input type=\"email\" id=\"field_conf_y7t3r\" name=\"item_meta[conf_75]\" value=\"\"  data-reqmsg=\"Ce champ est requis.\" aria-required=\"true\" data-confmsg=\"The entered values do not match\" data-invmsg=\"Email is invalid\" aria-invalid=\"false\"   aria-describedby=\"frm_desc_field_conf_y7t3r\"\/>\r\n    <div class=\"frm_description\" id=\"frm_desc_field_conf_y7t3r\">Confirm your e-mail address<\/div>\r\n    \r\n<\/div>\n<div id=\"frm_field_76_container\" class=\"frm_form_field form-field  frm_required_field frm_top_container frm_first frm_fourth\">\r\n    <label for=\"field_22g8q\" id=\"field_22g8q_label\" class=\"frm_primary_label\">Telephone\r\n        <span class=\"frm_required\">*<\/span>\r\n    <\/label>\r\n    <input type=\"tel\" id=\"field_22g8q\" name=\"item_meta[76]\" value=\"\"  data-reqmsg=\"Ce champ est requis.\" aria-required=\"true\" data-invmsg=\"Phone is invalid\" aria-invalid=\"false\" pattern=\"((\\+\\d{1,3}(-|.| )?\\(?\\d\\)?(-| |.)?\\d{1,5})|(\\(?\\d{2,6}\\)?))(-|.| )?(\\d{3,4})(-|.| )?(\\d{4})(( x| ext)\\d{1,5}){0,1}$\"  \/>\r\n    \r\n    \r\n<\/div>\n<div id=\"frm_field_101_container\" class=\"frm_form_field form-field  frm_top_container frm_sixth frm_second\">\r\n    <label for=\"field_u5pql\" id=\"field_u5pql_label\" class=\"frm_primary_label\">Ext.\r\n        <span class=\"frm_required\"><\/span>\r\n    <\/label>\r\n    <input type=\"text\" id=\"field_u5pql\" name=\"item_meta[101]\" value=\"\"  data-invmsg=\"Text is invalid\" aria-invalid=\"false\"  \/>\r\n    \r\n    \r\n<\/div>\n<div id=\"frm_field_78_container\" class=\"frm_form_field form-field  frm_required_field frm_top_container frm_first frm_fourth\">\r\n    <label for=\"field_dw99g\" id=\"field_dw99g_label\" class=\"frm_primary_label\">Company\r\n        <span class=\"frm_required\">*<\/span>\r\n    <\/label>\r\n    <input type=\"text\" id=\"field_dw99g\" name=\"item_meta[78]\" value=\"\"  data-reqmsg=\"Ce champ est requis.\" aria-required=\"true\" data-invmsg=\"Text is invalid\" aria-invalid=\"false\"  \/>\r\n    \r\n    \r\n<\/div>\n<div id=\"frm_field_79_container\" class=\"frm_form_field form-field  frm_required_field frm_top_container frm_third frm_first\">\r\n    <div  id=\"field_f47sr_label\" class=\"frm_primary_label\">Head Office address\r\n        <span class=\"frm_required\">*<\/span>\r\n    <\/div>\r\n    <fieldset aria-labelledby=\"field_f47sr_label\">\n<legend class=\"frm_screen_reader frm_hidden\">\n\tHead Office address<\/legend>\n<div class=\"frm_combo_inputs_container\">\n<div id=\"frm_field_79-line1_container\" class=\"frm_form_field form-field\">\n\t<label for=\"field_f47sr_line1\" class=\"frm_screen_reader frm_hidden\">\n\t\tCivic number, street\t<\/label>\n\t\t<input type=\"text\" id=\"field_f47sr_line1\" value=\"\" name=\"item_meta[79][line1]\"  data-reqmsg=\"Ce champ est requis.\" aria-required=\"true\" data-invmsg=\"Adresse du si\u00e8ge social is invalid\" aria-invalid=\"false\"   autocomplete=\"address-line1\" \/>\n\t<div class=\"frm_description\">Civic number, street<\/div><\/div>\n<div id=\"frm_field_79-line2_container\" class=\"frm_form_field form-field\">\n\t<label for=\"field_f47sr_line2\" class=\"frm_screen_reader frm_hidden\">\n\t\tHead Office address\t<\/label>\n\t\t<input type=\"text\" id=\"field_f47sr_line2\" value=\"\" name=\"item_meta[79][line2]\"  data-reqmsg=\"Ce champ est requis.\" aria-required=\"true\" data-invmsg=\"Adresse du si\u00e8ge social is invalid\" class=\"frm_optional\" aria-invalid=\"false\"   autocomplete=\"address-line2\" \/>\n\t<\/div>\n<div id=\"frm_field_79-city_container\" class=\"frm_form_field form-field frm_third frm_first\">\n\t<label for=\"field_f47sr_city\" class=\"frm_screen_reader frm_hidden\">\n\t\tCity\t<\/label>\n\t\t<input type=\"text\" id=\"field_f47sr_city\" value=\"\" name=\"item_meta[79][city]\"  data-reqmsg=\"Ce champ est requis.\" aria-required=\"true\" data-invmsg=\"Adresse du si\u00e8ge social is invalid\" aria-invalid=\"false\"   autocomplete=\"address-level2\" \/>\n\t<div class=\"frm_description\">City<\/div><\/div>\n<div id=\"frm_field_79-state_container\" class=\"frm_form_field form-field frm_third\">\n\t<label for=\"field_f47sr_state\" class=\"frm_screen_reader frm_hidden\">\n\t\tProvince\t<\/label>\n\t\t<input type=\"text\" id=\"field_f47sr_state\" value=\"\" name=\"item_meta[79][state]\"  data-reqmsg=\"Ce champ est requis.\" aria-required=\"true\" data-invmsg=\"Adresse du si\u00e8ge social is invalid\" aria-invalid=\"false\"   autocomplete=\"address-level1\" \/>\n\t<div class=\"frm_description\">Province<\/div><\/div>\n<div id=\"frm_field_79-zip_container\" class=\"frm_form_field form-field frm_third\">\n\t<label for=\"field_f47sr_zip\" class=\"frm_screen_reader frm_hidden\">\n\t\tPostal Code\t<\/label>\n\t\t<input type=\"text\" id=\"field_f47sr_zip\" value=\"\" name=\"item_meta[79][zip]\"  data-reqmsg=\"Ce champ est requis.\" aria-required=\"true\" data-invmsg=\"Adresse du si\u00e8ge social is invalid\" aria-invalid=\"false\"   autocomplete=\"postal-code\" \/>\n\t<div class=\"frm_description\">Postal Code<\/div><\/div>\n<\/div>\n<\/fieldset>\n\r\n    \r\n    \r\n<\/div>\n<div id=\"frm_field_97_container\" class=\"frm_form_field form-field  frm_top_container frm_third frm_first vertical_radio\">\r\n    <div  id=\"field_o09xe_label\" class=\"frm_primary_label\">Call requested\r\n        <span class=\"frm_required\"><\/span>\r\n    <\/div>\r\n    <div class=\"frm_opt_container\" aria-labelledby=\"field_o09xe_label\" role=\"group\">\t\t<div class=\"frm_checkbox\" id=\"frm_checkbox_97-0\"><label for=\"field_o09xe-0\"><input type=\"checkbox\" name=\"item_meta[97][]\" id=\"field_o09xe-0\" value=\"J&#039;aimerais qu&#039;un agent communique avec moi avant de compl\u00e9ter ma demande.\"  data-invmsg=\"Demander un appel is invalid\" aria-invalid=\"false\"   \/> I would like to be contacted by an agent before completing my request.<\/label><\/div>\n<\/div>\r\n    \r\n    \r\n<\/div>\n<input type=\"hidden\" name=\"frm_page_order_5\" id=\"frm_page_order_5\" value=\"11\" \/><input type=\"hidden\" name=\"item_meta[90]\" id=\"field_dphsn-0\" value=\"\"  data-reqmsg=\"Vous devez accepter l&#039;entente de confidentialit\u00e9.\" data-invmsg=\"Acceptation is invalid\"   \/>\n<input type=\"hidden\" name=\"item_meta[91]\" id=\"field_yrm1o\" value=\"\"  data-invmsg=\"Suivant is invalid\"   \/>\n<input type=\"hidden\" name=\"item_meta[88]\" id=\"field_cxm9v-0\" value=\"\"  data-reqmsg=\"Vous devez s\u00e9lectionner un secteur d&#039;activit\u00e9s.\" data-invmsg=\"Secteur d&#039;activit\u00e9 is invalid\"   \/>\n<input type=\"hidden\" name=\"item_meta[81]\" id=\"field_pels9\" value=\"\"  data-reqmsg=\"Ce champ est requis.\" aria-required=\"true\" data-invmsg=\"Text is invalid\"   \/>\n<input type=\"hidden\" name=\"item_meta[82]\" id=\"field_htqwe\" value=\"\"  data-placeholder=\"-- Faire un choix --\"  data-reqmsg=\"Ce champ est requis.\" aria-required=\"true\" data-invmsg=\"Nombre d&#039;employ\u00e9s is invalid\"   \/>\n<input type=\"hidden\" name=\"item_meta[83]\" id=\"field_xyolc\" value=\"\"  data-placeholder=\"-- Faire un choix --\"  data-reqmsg=\"Ce champ est requis.\" aria-required=\"true\" data-invmsg=\"Chiffre d&#039;affaire is invalid\"   \/>\n<input type=\"hidden\" name=\"item_meta[95]\" id=\"field_q7bvc\" value=\"\"  data-invmsg=\"Suivant is invalid\"   \/>\n<input type=\"hidden\" name=\"item_meta[89]\" id=\"field_iktbm-0\" value=\"\"  data-reqmsg=\"Vous devez s\u00e9lectionner une province\" data-invmsg=\"Dans quelles provinces avez-vous des activit\u00e9s d&#039;affaire ? (Commerces, employ\u00e9s, \u00e9quipements, etc.) is invalid\"   \/>\n<input type=\"hidden\" name=\"item_meta[92]\" id=\"field_yrpts-0\" value=\"\"  data-reqmsg=\"Vous devez faire un choix.\" data-invmsg=\"S\u00e9lectionnez les provinces o\u00f9 vous faites une ou plusieurs d\u00e9clarations d&#039;\u00e9cofrais. is invalid\"   \/>\n<input type=\"hidden\" name=\"item_meta[93]\" id=\"field_xcyek-0\" value=\"\"  data-reqmsg=\"Vous devez faire un choix.\" data-invmsg=\"S\u00e9lectionnez les programmes pour lesquel vous faites des d\u00e9clarations. is invalid\"   \/>\n<input type=\"hidden\" name=\"item_meta[94]\" id=\"field_3pxsd\" value=\"\"  data-invmsg=\"Text is invalid\"   \/>\n<input type=\"hidden\" name=\"item_meta[98]\" id=\"field_a1kml\" value=\"\"  data-invmsg=\"Text is invalid\"   \/>\n<input type=\"hidden\" name=\"item_meta[99]\" id=\"field_ljqjy-0\" value=\"\"  data-frmlimit=\"1\"  data-reqmsg=\"Vous devez faire un choix.\" data-invmsg=\"Combien de personnes s&#039;occupent des d\u00e9clarations pour vos \u00e9cofrais ? is invalid\"   \/>\n<input type=\"hidden\" name=\"item_meta[96]\" id=\"field_i24sx\" value=\"\"  data-invmsg=\"Suivant is invalid\"   \/>\n<input type=\"hidden\" name=\"item_meta[102]\" id=\"field_fys3l\" value=\"\" \/>\n\t\t\t<input type=\"hidden\" name=\"item_meta[103]\" id=\"field_7e27y\" value=\"\"  data-invmsg=\"Section Buttons is invalid\"   \/>\n\t<input type=\"hidden\" name=\"item_key\" value=\"\" \/>\n\t<input name=\"frm_state\" type=\"hidden\" value=\"CHl5buOim+wvENkDa\/uX1zjj9cOlpJb2XGVn6SIeuos=\" \/><div class=\"frm_submit\">\r\n\r\n<button class=\"frm_button_submit\" type=\"submit\"   formnovalidate=\"formnovalidate\">Next<\/button>\r\n\r\n<\/div><\/div>\n<\/fieldset>\n<\/div>\n<input type=\"hidden\" name=\"trp-form-language\" value=\"en\"\/><\/form>\n<\/div>\n<\/div>\n\t\t\t\t<\/div>\n\t\t\t\t<\/div>\n\t\t\t\t<div class=\"elementor-element elementor-element-8ee0140 elementor-widget elementor-widget-spacer\" data-id=\"8ee0140\" data-element_type=\"widget\" data-widget_type=\"spacer.default\">\n\t\t\t\t<div class=\"elementor-widget-container\">\n\t\t\t\t\t<div class=\"elementor-spacer\">\n\t\t\t<div class=\"elementor-spacer-inner\"><\/div>\n\t\t<\/div>\n\t\t\t\t<\/div>\n\t\t\t\t<\/div>\n\t\t\t\t\t<\/div>\n\t\t<\/div>\n\t\t\t\t\t\t\t<\/div>\n\t\t<\/section>\n\t\t\t\t\t\t\t<\/div>","protected":false},"excerpt":{"rendered":"<p>\u00c9VALUATION DU PROCESSUS DE D\u00c9CLARATION DES \u00c9COFRAIS Analyse et recommandations Compl\u00e9tez le formulaire suivant pour obtenir votre \u00e9valuation gratuite. (Les champs marqu\u00e9s d&rsquo;un * sont requis)<\/p>","protected":false},"author":1,"featured_media":0,"parent":0,"menu_order":0,"comment_status":"closed","ping_status":"closed","template":"elementor_header_footer","meta":{"_mi_skip_tracking":false,"_monsterinsights_sitenote_active":false,"_monsterinsights_sitenote_note":"","_monsterinsights_sitenote_category":0,"footnotes":""},"yoast_head":"<!-- This site is optimized with the Yoast SEO plugin v21.1 - https:\/\/yoast.com\/wordpress\/plugins\/seo\/ -->\n<title>Analyse gratuite - Cycle environnement<\/title>\n<meta name=\"robots\" content=\"index, follow, max-snippet:-1, max-image-preview:large, max-video-preview:-1\" \/>\n<link rel=\"canonical\" href=\"https:\/\/cycleenvironnement.com\/en\/analyse\/\" \/>\n<meta property=\"og:locale\" content=\"en_US\" \/>\n<meta property=\"og:type\" content=\"article\" \/>\n<meta property=\"og:title\" content=\"Analyse gratuite - Cycle environnement\" \/>\n<meta property=\"og:description\" content=\"\u00c9VALUATION DU PROCESSUS DE D\u00c9CLARATION DES \u00c9COFRAIS Analyse et recommandations Compl\u00e9tez le formulaire suivant pour obtenir votre \u00e9valuation gratuite. (Les champs marqu\u00e9s d&rsquo;un * sont requis)\" \/>\n<meta property=\"og:url\" content=\"https:\/\/cycleenvironnement.com\/en\/analyse\/\" \/>\n<meta property=\"og:site_name\" content=\"Cycle environnement\" \/>\n<meta property=\"article:publisher\" content=\"https:\/\/www.facebook.com\/cycleenvironnement\" \/>\n<meta property=\"article:modified_time\" content=\"2021-03-02T21:10:43+00:00\" \/>\n<meta name=\"twitter:card\" content=\"summary_large_image\" \/>\n<meta name=\"twitter:site\" content=\"@Cycleenvironne1\" \/>\n<meta name=\"twitter:label1\" content=\"Est. reading time\" \/>\n\t<meta name=\"twitter:data1\" content=\"1 minute\" \/>\n<script type=\"application\/ld+json\" class=\"yoast-schema-graph\">{\"@context\":\"https:\/\/schema.org\",\"@graph\":[{\"@type\":\"WebPage\",\"@id\":\"https:\/\/cycleenvironnement.com\/analyse\/\",\"url\":\"https:\/\/cycleenvironnement.com\/analyse\/\",\"name\":\"Analyse gratuite - Cycle environnement\",\"isPartOf\":{\"@id\":\"https:\/\/cycleenvironnement.com\/#website\"},\"datePublished\":\"2021-03-02T21:09:59+00:00\",\"dateModified\":\"2021-03-02T21:10:43+00:00\",\"breadcrumb\":{\"@id\":\"https:\/\/cycleenvironnement.com\/analyse\/#breadcrumb\"},\"inLanguage\":\"en-US\",\"potentialAction\":[{\"@type\":\"ReadAction\",\"target\":[\"https:\/\/cycleenvironnement.com\/analyse\/\"]}]},{\"@type\":\"BreadcrumbList\",\"@id\":\"https:\/\/cycleenvironnement.com\/analyse\/#breadcrumb\",\"itemListElement\":[{\"@type\":\"ListItem\",\"position\":1,\"name\":\"Home\",\"item\":\"https:\/\/cycleenvironnement.com\/\"},{\"@type\":\"ListItem\",\"position\":2,\"name\":\"Analyse gratuite\"}]},{\"@type\":\"WebSite\",\"@id\":\"https:\/\/cycleenvironnement.com\/#website\",\"url\":\"https:\/\/cycleenvironnement.com\/\",\"name\":\"Cycle environnement\",\"description\":\"\u00c9cofiscalistes - Gestion des \u00e9cofrais\",\"publisher\":{\"@id\":\"https:\/\/cycleenvironnement.com\/#organization\"},\"potentialAction\":[{\"@type\":\"SearchAction\",\"target\":{\"@type\":\"EntryPoint\",\"urlTemplate\":\"https:\/\/cycleenvironnement.com\/?s={search_term_string}\"},\"query-input\":\"required name=search_term_string\"}],\"inLanguage\":\"en-US\"},{\"@type\":\"Organization\",\"@id\":\"https:\/\/cycleenvironnement.com\/#organization\",\"name\":\"Cycle environnement\",\"url\":\"https:\/\/cycleenvironnement.com\/\",\"logo\":{\"@type\":\"ImageObject\",\"inLanguage\":\"en-US\",\"@id\":\"https:\/\/cycleenvironnement.com\/#\/schema\/logo\/image\/\",\"url\":\"https:\/\/cycleenvironnement.com\/wp-content\/uploads\/2019\/10\/Logo_Cycle-fonc\u00e9.jpg\",\"contentUrl\":\"https:\/\/cycleenvironnement.com\/wp-content\/uploads\/2019\/10\/Logo_Cycle-fonc\u00e9.jpg\",\"width\":1848,\"height\":773,\"caption\":\"Cycle environnement\"},\"image\":{\"@id\":\"https:\/\/cycleenvironnement.com\/#\/schema\/logo\/image\/\"},\"sameAs\":[\"https:\/\/www.facebook.com\/cycleenvironnement\",\"https:\/\/twitter.com\/Cycleenvironne1\",\"https:\/\/www.linkedin.com\/company\/cycle-environnement\"]}]}<\/script>\n<!-- \/ Yoast SEO plugin. -->","yoast_head_json":{"title":"Analyse gratuite - Cycle environnement","robots":{"index":"index","follow":"follow","max-snippet":"max-snippet:-1","max-image-preview":"max-image-preview:large","max-video-preview":"max-video-preview:-1"},"canonical":"https:\/\/cycleenvironnement.com\/en\/analyse\/","og_locale":"en_US","og_type":"article","og_title":"Analyse gratuite - Cycle environnement","og_description":"\u00c9VALUATION DU PROCESSUS DE D\u00c9CLARATION DES \u00c9COFRAIS Analyse et recommandations Compl\u00e9tez le formulaire suivant pour obtenir votre \u00e9valuation gratuite. (Les champs marqu\u00e9s d&rsquo;un * sont requis)","og_url":"https:\/\/cycleenvironnement.com\/en\/analyse\/","og_site_name":"Cycle environnement","article_publisher":"https:\/\/www.facebook.com\/cycleenvironnement","article_modified_time":"2021-03-02T21:10:43+00:00","twitter_card":"summary_large_image","twitter_site":"@Cycleenvironne1","twitter_misc":{"Est. reading time":"1 minute"},"schema":{"@context":"https:\/\/schema.org","@graph":[{"@type":"WebPage","@id":"https:\/\/cycleenvironnement.com\/analyse\/","url":"https:\/\/cycleenvironnement.com\/analyse\/","name":"Analyse gratuite - Cycle environnement","isPartOf":{"@id":"https:\/\/cycleenvironnement.com\/#website"},"datePublished":"2021-03-02T21:09:59+00:00","dateModified":"2021-03-02T21:10:43+00:00","breadcrumb":{"@id":"https:\/\/cycleenvironnement.com\/analyse\/#breadcrumb"},"inLanguage":"en-US","potentialAction":[{"@type":"ReadAction","target":["https:\/\/cycleenvironnement.com\/analyse\/"]}]},{"@type":"BreadcrumbList","@id":"https:\/\/cycleenvironnement.com\/analyse\/#breadcrumb","itemListElement":[{"@type":"ListItem","position":1,"name":"Home","item":"https:\/\/cycleenvironnement.com\/"},{"@type":"ListItem","position":2,"name":"Analyse gratuite"}]},{"@type":"WebSite","@id":"https:\/\/cycleenvironnement.com\/#website","url":"https:\/\/cycleenvironnement.com\/","name":"Cycle environnement","description":"\u00c9cofiscalistes - Gestion des \u00e9cofrais","publisher":{"@id":"https:\/\/cycleenvironnement.com\/#organization"},"potentialAction":[{"@type":"SearchAction","target":{"@type":"EntryPoint","urlTemplate":"https:\/\/cycleenvironnement.com\/?s={search_term_string}"},"query-input":"required name=search_term_string"}],"inLanguage":"en-US"},{"@type":"Organization","@id":"https:\/\/cycleenvironnement.com\/#organization","name":"Cycle environnement","url":"https:\/\/cycleenvironnement.com\/","logo":{"@type":"ImageObject","inLanguage":"en-US","@id":"https:\/\/cycleenvironnement.com\/#\/schema\/logo\/image\/","url":"https:\/\/cycleenvironnement.com\/wp-content\/uploads\/2019\/10\/Logo_Cycle-fonc\u00e9.jpg","contentUrl":"https:\/\/cycleenvironnement.com\/wp-content\/uploads\/2019\/10\/Logo_Cycle-fonc\u00e9.jpg","width":1848,"height":773,"caption":"Cycle environnement"},"image":{"@id":"https:\/\/cycleenvironnement.com\/#\/schema\/logo\/image\/"},"sameAs":["https:\/\/www.facebook.com\/cycleenvironnement","https:\/\/twitter.com\/Cycleenvironne1","https:\/\/www.linkedin.com\/company\/cycle-environnement"]}]}},"_links":{"self":[{"href":"https:\/\/cycleenvironnement.com\/en\/wp-json\/wp\/v2\/pages\/1586"}],"collection":[{"href":"https:\/\/cycleenvironnement.com\/en\/wp-json\/wp\/v2\/pages"}],"about":[{"href":"https:\/\/cycleenvironnement.com\/en\/wp-json\/wp\/v2\/types\/page"}],"author":[{"embeddable":true,"href":"https:\/\/cycleenvironnement.com\/en\/wp-json\/wp\/v2\/users\/1"}],"replies":[{"embeddable":true,"href":"https:\/\/cycleenvironnement.com\/en\/wp-json\/wp\/v2\/comments?post=1586"}],"version-history":[{"count":4,"href":"https:\/\/cycleenvironnement.com\/en\/wp-json\/wp\/v2\/pages\/1586\/revisions"}],"predecessor-version":[{"id":1590,"href":"https:\/\/cycleenvironnement.com\/en\/wp-json\/wp\/v2\/pages\/1586\/revisions\/1590"}],"wp:attachment":[{"href":"https:\/\/cycleenvironnement.com\/en\/wp-json\/wp\/v2\/media?parent=1586"}],"curies":[{"name":"wp","href":"https:\/\/api.w.org\/{rel}","templated":true}]}}